{"id":512,"date":"2024-01-18T16:10:57","date_gmt":"2024-01-18T15:10:57","guid":{"rendered":"https:\/\/vittoriobugli.it\/?page_id=512"},"modified":"2024-01-18T16:27:40","modified_gmt":"2024-01-18T15:27:40","slug":"chi-sono","status":"publish","type":"page","link":"https:\/\/vittoriobugli.it\/?page_id=512","title":{"rendered":"Chi sono"},"content":{"rendered":"\n<p>Sono nato a Bagno a Ripoli nel 1958. Fin da ragazzo mi sono occupato di politica. Gi\u00e0 nei primi anni delle superiori sono stato uno dei dirigenti del Movimento Studentesco e segretario della Federazione Giovanile Comunista di Bagno a Ripoli. Poi ho avuto vari incarichi nel Partito Comunista Italiano. Con i primi anni dell&#8217;universit\u00e0 mi sono distaccato dalla politica attiva. <\/p>\n\n\n<div class=\"wp-block-image\">\n<figure class=\"alignleft size-full is-resized\"><img loading=\"lazy\" decoding=\"async\" width=\"861\" height=\"854\" src=\"https:\/\/vittoriobugli.it\/wp-content\/uploads\/2024\/01\/vb.jpeg\" alt=\"\" class=\"wp-image-6\" style=\"width:420px;height:auto\" srcset=\"https:\/\/vittoriobugli.it\/wp-content\/uploads\/2024\/01\/vb.jpeg 861w, https:\/\/vittoriobugli.it\/wp-content\/uploads\/2024\/01\/vb-300x298.jpeg 300w, https:\/\/vittoriobugli.it\/wp-content\/uploads\/2024\/01\/vb-150x150.jpeg 150w, https:\/\/vittoriobugli.it\/wp-content\/uploads\/2024\/01\/vb-768x762.jpeg 768w\" sizes=\"auto, (max-width: 861px) 100vw, 861px\" \/><\/figure>\n<\/div>\n\n\n<p>Nel 1982 ho iniziato a lavorare in una vetreria di Empoli dove sono rimasto fino al 1995 e mi sono occupato della parte commerciale, del design e poi della direzione aziendale. Nel 1990, dopo i grandi cambiamenti, ho deciso di riprendere a fare politica attiva e sono stato eletto Consigliere Comunale di Empoli. Per due anni ho fatto l&#8217;assessore allo sviluppo economico per poi lasciare, impossibilitato dagli impegni professionali. Nel 1995 sono stato eletto Sindaco di Empoli. Questa bella esperienza \u00e8 durata fino al 2004, dopo due legislature che mi hanno impegnato ed entusiasmato. In quegli anni ho fatto anche il Presidente del Circondario Empolese Valdelsa e della Conferenza dei Sindaci della Azienda USL 11. Anni con molte soddisfazioni dove si \u00e8 affermata la coesione di un&#8217;area territoriale tra le pi\u00f9 forti della regione che, puntando sul ruolo fondamentale di Empoli, riusc\u00ec ad ottenere importanti conquiste per il territorio e tent\u00f2 di mettersi fattivamente a disposizione dello sviluppo della Toscana, aprendosi e mettendosi in gioco. Sono stati gli anni del Circondario, di nuovi importanti servizi come il Polo Universitario e di infrastrutture come il nuovo ospedale o la nuova SS 429 e della nuova pianificazione urbanistica di Empoli. Poi ho fatto per 2 anni il Presidente e Amministratore Delegato di Publiservizi S.p.A. Nel 2003 ho fondato l&#8217;Associazione per l&#8217;Arno, della quale sono stato Presidente, che ha contribuito a rimettere questa grande risorsa al centro dell&#8217;attenzione della societ\u00e0 toscana. Nel 2005 sono stato eletto Consigliere Regionale, e ho aderito al gruppo del PD. Nella mia prima legislatura ho fatto il Presidente della Terza Commissione &#8220;Attivit\u00e0 Produttive&#8221;. Nella seconda legislatura, sono stato Capogruppo del Partito Democratico fino a che, il 14 marzo del 2013, il Presidente Rossi mi ha nominato Assessore alla Presidenza e attribuito anche i seguenti incarichi: partecipazione della Giunta ai lavori delle Conferenze dei Presidenti, Stato-Regioni e Unificata; riforme istituzionali, federalismo, rapporti con gli Enti locali, Aree metropolitane e Citt\u00e0 metropolitane; patrimonio e sedi regionali; partecipazione; bilancio, finanze e tributi. Nel 2015 il Presidente Rossi mi ha confermato nell&#8217;incarico di Assessore conferendomi ulteriori importanti deleghe. <br>Dalla fine del 2020 non faccio pi\u00f9 politica attiva. <\/p>\n\n\n\n<p>Se vuoi metterti in contatto con me puoi mandarmi una mail a vb@vittoriobugli.it<\/p>\n","protected":false},"excerpt":{"rendered":"<p>Sono nato a Bagno a Ripoli nel 1958. Fin da ragazzo mi sono occupato di politica. Gi\u00e0 nei primi anni delle superiori sono stato uno dei dirigenti del Movimento Studentesco e segretario della Federazione Giovanile Comunista di Bagno a Ripoli. Poi ho avuto vari incarichi nel Partito Comunista Italiano. Con i primi anni dell&#8217;universit\u00e0 mi [&hellip;]<\/p>\n","protected":false},"author":1,"featured_media":0,"parent":0,"menu_order":0,"comment_status":"closed","ping_status":"closed","template":"","meta":{"om_disable_all_campaigns":false,"_monsterinsights_skip_tracking":false,"_monsterinsights_sitenote_active":false,"_monsterinsights_sitenote_note":"","_monsterinsights_sitenote_category":0,"ocean_post_layout":"","ocean_both_sidebars_style":"","ocean_both_sidebars_content_width":0,"ocean_both_sidebars_sidebars_width":0,"ocean_sidebar":"","ocean_second_sidebar":"","ocean_disable_margins":"enable","ocean_add_body_class":"","ocean_shortcode_before_top_bar":"","ocean_shortcode_after_top_bar":"","ocean_shortcode_before_header":"","ocean_shortcode_after_header":"","ocean_has_shortcode":"","ocean_shortcode_after_title":"","ocean_shortcode_before_footer_widgets":"","ocean_shortcode_after_footer_widgets":"","ocean_shortcode_before_footer_bottom":"","ocean_shortcode_after_footer_bottom":"","ocean_display_top_bar":"default","ocean_display_header":"default","ocean_header_style":"","ocean_center_header_left_menu":"","ocean_custom_header_template":"","ocean_custom_logo":0,"ocean_custom_retina_logo":0,"ocean_custom_logo_max_width":0,"ocean_custom_logo_tablet_max_width":0,"ocean_custom_logo_mobile_max_width":0,"ocean_custom_logo_max_height":0,"ocean_custom_logo_tablet_max_height":0,"ocean_custom_logo_mobile_max_height":0,"ocean_header_custom_menu":"","ocean_menu_typo_font_family":"","ocean_menu_typo_font_subset":"","ocean_menu_typo_font_size":0,"ocean_menu_typo_font_size_tablet":0,"ocean_menu_typo_font_size_mobile":0,"ocean_menu_typo_font_size_unit":"px","ocean_menu_typo_font_weight":"","ocean_menu_typo_font_weight_tablet":"","ocean_menu_typo_font_weight_mobile":"","ocean_menu_typo_transform":"","ocean_menu_typo_transform_tablet":"","ocean_menu_typo_transform_mobile":"","ocean_menu_typo_line_height":0,"ocean_menu_typo_line_height_tablet":0,"ocean_menu_typo_line_height_mobile":0,"ocean_menu_typo_line_height_unit":"","ocean_menu_typo_spacing":0,"ocean_menu_typo_spacing_tablet":0,"ocean_menu_typo_spacing_mobile":0,"ocean_menu_typo_spacing_unit":"","ocean_menu_link_color":"","ocean_menu_link_color_hover":"","ocean_menu_link_color_active":"","ocean_menu_link_background":"","ocean_menu_link_hover_background":"","ocean_menu_link_active_background":"","ocean_menu_social_links_bg":"","ocean_menu_social_hover_links_bg":"","ocean_menu_social_links_color":"","ocean_menu_social_hover_links_color":"","ocean_disable_title":"default","ocean_disable_heading":"default","ocean_post_title":"","ocean_post_subheading":"","ocean_post_title_style":"","ocean_post_title_background_color":"","ocean_post_title_background":0,"ocean_post_title_bg_image_position":"","ocean_post_title_bg_image_attachment":"","ocean_post_title_bg_image_repeat":"","ocean_post_title_bg_image_size":"","ocean_post_title_height":0,"ocean_post_title_bg_overlay":0.5,"ocean_post_title_bg_overlay_color":"","ocean_disable_breadcrumbs":"default","ocean_breadcrumbs_color":"","ocean_breadcrumbs_separator_color":"","ocean_breadcrumbs_links_color":"","ocean_breadcrumbs_links_hover_color":"","ocean_display_footer_widgets":"default","ocean_display_footer_bottom":"default","ocean_custom_footer_template":"","footnotes":""},"class_list":["post-512","page","type-page","status-publish","hentry","entry"],"aioseo_notices":[],"_links":{"self":[{"href":"https:\/\/vittoriobugli.it\/index.php?rest_route=\/wp\/v2\/pages\/512","targetHints":{"allow":["GET"]}}],"collection":[{"href":"https:\/\/vittoriobugli.it\/index.php?rest_route=\/wp\/v2\/pages"}],"about":[{"href":"https:\/\/vittoriobugli.it\/index.php?rest_route=\/wp\/v2\/types\/page"}],"author":[{"embeddable":true,"href":"https:\/\/vittoriobugli.it\/index.php?rest_route=\/wp\/v2\/users\/1"}],"replies":[{"embeddable":true,"href":"https:\/\/vittoriobugli.it\/index.php?rest_route=%2Fwp%2Fv2%2Fcomments&post=512"}],"version-history":[{"count":4,"href":"https:\/\/vittoriobugli.it\/index.php?rest_route=\/wp\/v2\/pages\/512\/revisions"}],"predecessor-version":[{"id":520,"href":"https:\/\/vittoriobugli.it\/index.php?rest_route=\/wp\/v2\/pages\/512\/revisions\/520"}],"wp:attachment":[{"href":"https:\/\/vittoriobugli.it\/index.php?rest_route=%2Fwp%2Fv2%2Fmedia&parent=512"}],"curies":[{"name":"wp","href":"https:\/\/api.w.org\/{rel}","templated":true}]}}